{"id":5270,"date":"2023-02-15T15:12:33","date_gmt":"2023-02-15T18:12:33","guid":{"rendered":"https:\/\/nnn.aqqut.gl\/?page_id=5270"},"modified":"2023-02-15T15:13:15","modified_gmt":"2023-02-15T18:13:15","slug":"cookies","status":"publish","type":"page","link":"https:\/\/aqqut.gl\/da\/cookies\/","title":{"rendered":"Cookies"},"content":{"rendered":"<h2>Hvad er en cookie?<\/h2>\n<h3>Cookies anvendes af stort set alle websites. I nogle tilf\u00e6lde er cookies den eneste m\u00e5de at f\u00e5 et website til at fungere efter hensigten.<\/h3>\n<p>En cookie er en fil, som l\u00e6gges p\u00e5 din computer eller andet IT-udstyr. Den g\u00f8r det muligt at genkende din computer og samle information om, hvilke sider og funktioner, der bes\u00f8ges med din browser. Men cookies kan ikke se, hvem du er, hvad du hedder, hvor du bor, eller om computeren bruges af en eller flere personer. Den kan heller ikke sprede computervirus eller andre skadelige programmer.<\/p>\n<h4>Cookies til statistik<\/h4>\n<p>F\u00f8rste gang du lander p\u00e5 aqqut.gl, ser du en knap i venstre bund med information om cookies. Hvis du ignorerer knappen eller trykker p\u00e5 krydset, vil ingen statistikcookies blive sat fra AQQUT.GLs side. \u00d8nsker du slet ikke, at aqqut.gl s\u00e6tter cookies, skal du sl\u00e5 cookies fra i din browser.<\/p>\n<p>AQQUT.GL benytter Google Analytics til l\u00f8bende at forbedre aqqut.gl. Google Analytics er en webanalysetjeneste, der ved hj\u00e6lp af cookies samler data om, hvordan brugerne bev\u00e6ger sig rundt p\u00e5 aqqut.gl. Det fort\u00e6ller AQQUT.GL noget om, hvilke sider der er mest bes\u00f8gte, og hvor mange bes\u00f8gende siden har.<\/p>\n<p>Indsamlingen af data er anonym og bliver kun brugt i forbindelse med at optimere brugeroplevelsen p\u00e5 aqqut.gl.<\/p>\n<h4>Slet cookies<\/h4>\n<p>Du kan altid slette dine cookies i din browser. Det er forskelligt, fra browser til browser, hvordan man g\u00f8r. Hvis du mangler hj\u00e6lp til, hvordan du sletter dine cookies kan du s\u00f8ge p\u00e5 fx google.gl eller en anden s\u00f8gemaskine.<\/p>\n","protected":false},"excerpt":{"rendered":"<p>Hvad er en cookie? Cookies anvendes af stort set alle websites. I nogle tilf\u00e6lde er cookies den eneste m\u00e5de at f\u00e5 et website til at fungere efter hensigten. En cookie&#8230;<\/p>\n","protected":false},"author":3,"featured_media":0,"parent":0,"menu_order":0,"comment_status":"closed","ping_status":"closed","template":"","meta":{"footnotes":""},"class_list":["post-5270","page","type-page","status-publish"],"_links":{"self":[{"href":"https:\/\/aqqut.gl\/da\/wp-json\/wp\/v2\/pages\/5270","targetHints":{"allow":["GET"]}}],"collection":[{"href":"https:\/\/aqqut.gl\/da\/wp-json\/wp\/v2\/pages"}],"about":[{"href":"https:\/\/aqqut.gl\/da\/wp-json\/wp\/v2\/types\/page"}],"author":[{"embeddable":true,"href":"https:\/\/aqqut.gl\/da\/wp-json\/wp\/v2\/users\/3"}],"replies":[{"embeddable":true,"href":"https:\/\/aqqut.gl\/da\/wp-json\/wp\/v2\/comments?post=5270"}],"version-history":[{"count":1,"href":"https:\/\/aqqut.gl\/da\/wp-json\/wp\/v2\/pages\/5270\/revisions"}],"predecessor-version":[{"id":5271,"href":"https:\/\/aqqut.gl\/da\/wp-json\/wp\/v2\/pages\/5270\/revisions\/5271"}],"wp:attachment":[{"href":"https:\/\/aqqut.gl\/da\/wp-json\/wp\/v2\/media?parent=5270"}],"curies":[{"name":"wp","href":"https:\/\/api.w.org\/{rel}","templated":true}]}}